{"id":90,"date":"2019-05-10T10:42:07","date_gmt":"2019-05-10T10:42:07","guid":{"rendered":"http:\/\/iurpress.nl\/?post_type=product&#038;p=90"},"modified":"2019-05-10T10:44:15","modified_gmt":"2019-05-10T10:44:15","slug":"islamitische-publiekrecht","status":"publish","type":"product","link":"https:\/\/iurpress.nl\/?product=islamitische-publiekrecht","title":{"rendered":"Islamitische Publiekrecht"},"content":{"rendered":"<p>In dit boek zullen we de hoofdlijnen van het islamitische publiekrecht, zoals islamitisch constitutioneel recht (al-siy\u0101sah al-shar\ua724iyyah), bestuursrecht (al-siy\u0101sah al-shar\ua724iyyah), strafrecht (al-\ua724uq\u016bb\u0101t), financieel recht (zak\u0101t, \ua724ushr, khar\u0101j en andere belastingen), procesrecht (qa\u1e0d\u0101\u2019), en internationaal recht (al-siyar), uitleggen.<\/p>\n<p>De vakgebieden van met name het islamitisch constitutioneel recht, bestuursrecht, financieel recht, ta\ua724z\u012br-sancties, en regelgevingen omtrent het krijgsrecht zijn gebaseerd op de beperkte wetgevende autoriteit die door de shar\u012b\ua724ah-regels en de juridische besluiten zijn vastgelegd. Ze zijn gebaseerd op secundaire bronnen zoals gebruiken en tradities en het maatschappelijk belang (ma\u1e63la\u1e25ah) en vallen allemaal onder wat het publiekrecht, al-siy\u0101sah al-shar\ua724iyyah (shar\u012b\ua724ah-beleid), q\u0101n\u016bn (wetboek), q\u0101n\u016bnn\u0101mah, \ua724urf\u012b \u1e25uq\u016bq[1] en dergelijke wordt genoemd. Aangezien deze wetten niet aan de principes van de shar\u012b\ua724ah voorbij kunnen gaan, althans in theorie, moeten zij niet beschouwd worden als een rechtssysteem dat buiten het islamitisch recht staat.<\/p>\n<p>In dit boek zullen we ons focussen op enkele controversi\u00eble onderwerpen in de moslimwereld van vandaag, zoals het formeren van een regering in het islamitisch recht en de relatie tussen de islam en democratie.<\/p>\n<p>De islamitische wet schrijft geen specifieke methode voor staatsbestuur voor; toch kunnen we zeggen dat de principes die deze wet en de concepten van soevereiniteit voorschrijven, een religieuze republiek veronderstellen. Sterker nog, de khulaf\u0101\u2019 al-r\u0101shid\u016bn(de rechtgeleide kaliefen), waren zowel kalief als religieuze president van een republiek. De ideale staat in het islamitisch recht was alleen aanwezig ten tijde van de khulaf\u0101\u2019 al-r\u0101shid\u016bn.<\/p>\n<p>Volgens de shar\u012b\ua724ah, moet het islamitisch bestuur gebaseerd zijn op publieke instemming en consultatie. Echter, het ideaal van een islamitische staat, volledig gebaseerd op de leiding van de shar\u012b\ua724ah, was in praktijk voor slechts dertig jaar een feit. Namelijk ten tijde van de Profeet Muhammad en de vier kaliefen die hem tussen 622-661 opvolgden.<\/p>\n<p>De tegenstrijdigheid tussen de constitutionele idee\u00ebn van de shar\u012b\ua724ah en de historische gebruiken van de meeste moslimoverheden sinds het einde van het klassieke kalifaat, heeft voor moslims door de geschiedenis heen voor een juridisch en moreel dilemma gezorgd. Hoe kon de legitimiteit van overheden, die in de meeste gevallen niet op een oprechte wijze aan de macht kwamen of regeerden, verenigd worden met het bevel van de shar\u012b\ua724ah om te besturen door middel van instemming en consultatie? Deze praktijken zijn door bezorgde moslims bestempeld als schendingen van de shar\u012b\ua724ah.<\/p>\n<p>De koloniale periode heeft dit dilemma verergerd. Het proces van secularisering ging zelfs verder door het ondermijnen van het dagelijkse juridische en morele leven van de moslim. Daarom zullen wij de algemene principes van het islamitisch constitutioneel en bestuursrecht hieronder uitleggen en de verschillende praktijken van moslimstaten samenvatten. We zullen ook de moderne termen zoals democratie en theocratie en hun relatie tot islamitische bepalingen bespreken.<\/p>\n<p>Maar het islamitisch strafrecht, financieel recht, procesrecht en internationaal recht hangen af van regels die direct gebaseerd zijn op de Qur\u2019\u0101n en de sunnah. Deze zijn gecodificeerd in de boeken van fiqh (islamitisch recht) en worden shar\u012b\ua724ah-regels, shar\ua724i shar\u012bf of shar\u012b\ua724ah-recht genoemd. Bij elkaar is dit 85 procent van het rechtssysteem.<\/p>\n<p>De bronnen van het shar\u012b\ua724ah-recht werden in twee groepen verdeeld. In de eerste groep zitten de primaire bronnen, ofwel de al-\ua724adillah al-shar\ua724iyyah. Er zijn vier van deze bronnen: de Qur\u2019\u0101n, de sunnah, ijm\u0101\ua724 (algemene instemming en goedkeuring (concensus) van juristen inzake meningen en beslissingen) en qiy\u0101s (analogie). De tweede groep bestaat uit secundaire bronnen, zoals de regels van traditie en gebruiken, istisl\u0101h (aanpassing aan het maatschappelijk belang), istihs\u0101n (aanbeveling),[2] oude regelgeving, vertellingen van \u2018ash\u0101b al-kir\u0101m (de verheven metgezellen van de Profeet), en degelijke bronnen.<\/p>\n<p>In eerste instantie hebben we naar de primaire bronnen gekeken voor de islamitische wet (fiqh-boeken en fat\u0101wa), maar we hebben de twee andere bronnen niet genegeerd. Allereerst hebben we nieuwe boeken onderzocht die door hedendaagse wetenschappers zoals Muhammad Ab\u016b Zahra, Abdulkarim Zaidan, Muhammed Hamidullah, Bediuzzaman Said Nursi en Ramadhan al-B\u016bti zijn geschreven. Ten tweede hebben we ook veel belangrijke boeken geraadpleegd die geschreven zijn door Westerse wetenschappers zoals Erwin I.J. Rosenthal, Ruud Peters, Joseph Schacht en John L. Esposito.<\/p>\n<p>Dit boek heeft drie hoofdkenmerken:<\/p>\n<p>i) We hebben geprobeerd om onze uitleg direct te baseren op de primaire bronnen van de islamitische wet. Bijvoorbeeld, als men enkele artikelen of boeken van westerse wetenschappers \u2013 of zelfs van sommige islamitische wetenschappers \u2013 heeft gelezen over het kalifaat of t\u012bm\u0101r-systeem, dan zou men kunnen concluderen dat er tussen islamitische wetenschappers verschillende meningen bestaan over dit onderwerp. Maar dit is niet waar. Moslims zijn het eens over de basisregels van juridische onderwerpen, maar er zijn meningsverschillen over nuances en interpretaties. Als men het werk leest van imam Ghaz\u0101l\u012b, Ibn Taymiyyah, al-Mawardi en al-Farr\u0101\u2019, dan zal men geen enkel verschil in mening vinden over de hoofdregels, maar er alleen in interpretaties van een aantal begrippen. We hebben geprobeerd om uit te zoeken waar zij het over eens zijn en we hebben soms aangestipt waar zij van mening verschillen.<\/p>\n<p>ii) We hebben de praktijk van het islamitisch recht onderzocht, met in het speciaal de juridische documenten in de Ottomaanse archieven. Zo leggen we bijvoorbeeld \u1e25add al-sariqahh uit, maar halen we ook enkele juridische artikelen aan die afkomstig zijn van de Ottomaanse wetboeken (Q\u0101n\u016bn\u0101mes), en enkele besluiten van de shar\u012b\ua724ah-rechtbank, zoals juridische decreten (i\ua724l\u0101m\u0101t-i shar\ua724iyyah).<\/p>\n<p>Het is welbekend dat men geen juridisch systeem kan begrijpen, zonder voorbeelden ervan in praktijk te zien. Dat geldt ook voor het islamitisch recht omdat de theorie alleen geen begrip van de shar\u012b\ua724ah-regels voortbrengt. Daarom hebben we, waar mogelijk, voorbeelden gegeven van de praktijk. We hebben gebruik gemaakt van shar\u012b\ua724ah-verslagen, besluiten van wetgevers en gerechtelijke adviezen van muft\u012b\u2019s en shuy\u016bkh[3] al-islam die in de Ottomaanse archieven terug te vinden zijn.<\/p>\n<p>Als men bijvoorbeeld geldstichtingen in het islamitisch recht bestudeert, dan zal men slechts enkele zinnen of pagina\u2019s in de fiqh-boeken vinden \u2013 hooguit tien \u2013 over dit specifieke onderwerp. Maar het aantal archiefdocumenten over dit onderwerp behelst alleen al 100.000 gerechtelijke besluiten en handelingen in de shar\u012b\ua724ah-verslagen (sijill\u0101t-i shar\ua724iyyah) van Istanboel. De studie naar de documenten over de implementatie van de shar\u012b\ua724ah zal de vraag beantwoorden of de straf voor afvalligheid uitgevoerd werd in de geschiedenis van de islam. Wij denken dat dit een zeer belangrijk voordeel is van dit boek.<\/p>\n<p>We hebben onze best gedaan om de praktijk van het islamitisch recht te laten zien en te reflecteren op de praktijken van enkele moslimlanden. Echter, zoals bekend, heeft de Ottomaanse staat het islamitisch recht zes eeuwen toegepast en wij hebben tachtig procent van de documenten over de praktijk daarvan in de Ottomaanse archieven. Om deze reden, en met respect voor andere praktijkvoorbeelden, richten wij ons in dit boek meer op de voorbeelden van de Ottomaanse praktijk dan op die van de andere islamitische staten zoals de Umayyaden, Abbassieden of de Mammelukken.<\/p>\n<p>We zien de Tan\u1e93\u012bm\u0101t-beweging (1839) als een keerpunt van nieuwe ontwikkelingen in de praktijk van het islamitisch recht in alle moslimlanden. Tot de Eerste Wereldoorlog behoorden tenminste dertig moslimlanden tot de Ottomaanse staat en de meesten daarvan, zoals Libanon, Jordani\u00eb en Koeweit, bleven het Ottomaans recht toepassen.<\/p>\n<p>We hebben ons best gedaan om een aantal misconcepties en misverstanden over het islamitisch recht te corrigeren. Daarom doen we ook een beroep op de primaire bronnen. Zo beweerden bijvoorbeeld enkele wetenschappers dat de \u1e24anaf\u012b-jurist imam Sarakhs\u012b het idee van straf voor geloofsafval niet accepteerde. We hebben zijn werk Al-Mabs\u016bt bestudeerd en we hebben geconstateerd dat deze bewering ongefundeerd is.<\/p>\n<p>De vergelijking tussen t\u012bm\u0101r en landgoed is nog een voorbeeld omdat het t\u012bm\u0101r-systeem verschilt van het landgoed-systeem. Enkele wetenschappers halen het begrip van soevereiniteit en bestuur door elkaar. De islamitische staat is geen theocratische staat op de manier waarop de Europeanen deze term begrijpen.<\/p>\n<p>Er is nog een misvatting over het islamitisch recht. We kunnen niet zeggen dat alle islamitische wetten verenigbaar zijn met de wetten van bestaande rechtssystemen. Zo verbiedt de islamitische wet het gebruik van alcohol, terwijl dit wel geaccepteerd is in Europese samenlevingen. Dat betekent niet dat een wetenschapper het islamitisch strafrecht en het verbod op alcohol in de islam niet kan bestuderen. We moeten twee zaken van elkaar onderscheiden: ten eerste, academisch onderzoek naar het islamitisch recht en het verschaffen van correcte informatie over alle islamitische wetten uit de primaire bronnen, zou toegestaan moeten zijn. Niemand zou het moeten willen verbieden. Het zou absurd zijn om een boek te verbieden die uitlegt waarom de islamitische wet een straf kent voor homoseksuele relaties. Immers, niemand kan de informatie die in de fiqh-boeken staat, veranderen. Ten tweede, het is niet toegestaan voor individuen om de shar\u012b\ua724ah te implementeren ten koste van lokale gebruiken. We hebben in het eerste deel (Staats- en Bestuursrecht) uitgelegd dat de autoriteit voor het implementeren van de shar\u012b\ua724ah alleen bij de \u2018ul\u016b al-\u2018amrligt, te weten de islamitische staat, en dus niet bij moslimindividuen.<\/p>\n<p>\u201cVolgens moslims bestaat de wet uit goddelijke regels die in twee groepen kunnen worden verdeeld: religieuze (daden van godsvrucht) en niet-religieuze wetten. Deze kunnen niet van elkaar gescheiden worden. De Qur\u2019\u0101n is, volgens moslims, een heilig geschrift dat vrij is van twijfel en die goddelijke bevelen bevat. De juridische bevelen in de Qur\u2019\u0101n hebben betrekking op ieder rechtsgebied in de vorm van gedetailleerde bevelen en algemene principes.<\/p>\n<p>Aan de andere kant staat de sunnah die de daden, woorden en tradities van de Profeet bevatten. De regels die hieraan onttrokken worden, verschillen van de regels uit de Qur\u2019\u0101n in de zin dat de regels uit de sunnah niet gebaseerd zijn op rechtstreekse openbaring, maar op impliciete openbaring en inspiratie (ilh\u0101m). Muhammad is volgens moslims een mens die betrouwbaar was en aangewezen is als Profeet en Boodschapper (nab\u012b en ras\u016bl).<\/p>\n<p>Een kalief of sultan (im\u0101m-i mashr\u016b\u2019\/rechtmatige leider) is de gevolmachtigde van All\u0101h op aarde; met andere woorden, hij is verantwoording schuldig aan Hem en moet de bevelen van de Qur\u2019\u0101n en de sunnah gehoorzamen. De autoriteit van de kalief of sultan is beperkt door dit wettelijke kader. Hij kan niet handelen zoals hij dat wenst.<\/p>\n<p>Wat betreft de wetgevende macht van de kalief, de islam is meer dan slechts een reeks doctrines. Het bevat ook een verzameling aan wetten en het heeft een rechtssysteem.<\/p>\n<p>Wat moslims shar\u012b\ua724ah (shar\ua724-i shar\u012bf) noemen, bestaat in eerste instantie uit de Qur\u2019\u0101n en daarna de sunnah. Het krijgt vorm in de boeken van jurisprudentie (fiqh). Als derde bestaat de shar\u012b\ua724ah uit fat\u0101wa, dat wil zeggen de juridische oordelen die uitgevaardigd zijn door imams en mujtahid\u016bn(uitleggers van de islamitische wet) die gespecialiseerd zijn in de wetenschap van jurisprudentie (fiqh). De essenti\u00eble regels in het islamitisch recht kunnen gevonden worden in de boeken van fiqh, de fat\u0101wa (oordelen) en de shar\u012b\ua724ah-regels uitgevaardigd door vooraanstaande mujtahid\u016bn. Dit zijn in de eerste plaats de ash\u0101b (metgezellen van Muhammad) wiens overeenstemming, ijm\u0101\ua724 wordt genoemd. Andere wetten zijn eveneens gebaseerd op deze pilaren. De vierde bron van de islamitische wet is qiy\u0101s (vergelijking), een procedure die alleen ingezet kan worden door de intellectuelen die verlicht zijn door de Qur\u2019\u0101n, sunnah en ijm\u0101\ua724 en die de bevelen die daaruit voortkomen gehoorzamen. In praktijk waren het de grote mujtahid-juristen die de islamitische wetten geordend hebben en die de juristen van het Romeinse Rijk evenaarden. Mujtahid\u016bn hadden niet alleen spirituele invloed, maar beschikte ook over zo\u2019n belangrijke wereldlijke macht en invloed dat zelfs de qu\u1e0d\u0101t hun oordelen moesten volgen. Het was uitzonderlijk wanneer de kennis van een q\u0101\u1e0d\u012b vergelijkbaar was met die van een mujtahid. Hun macht en invloed werd niet verleend door de president of de staat, maar vond zijn oorsprong in de gerechtvaardigde bekendheid die zij verkregen in de ogen van de islamitische geleerden.\u201d[4]<\/p>\n<p>We vragen onderzoekers en onze lezers om ons te vergeven voor de fouten die we maken en we vragen hen om hun correcties naar ons op te sturen zodat we bij de volgende edities dit boek kunnen verbeteren.<\/p>\n<p>We herhalen dat wij de voorkeur hebben om te schrijven over wat islamitische juristen (fuqah\u0101) hebben uitgelegd als interpretatie van de Qur\u2019\u0101n en de sunnah. Onze succes zal gemeten worden aan de hand van ons vermogen om correct te reflecteren op wat bestaat in islamitische bronnen. Ieder mens maakt fouten. We zijn daarom meer dan bereid om ons onderzoek te verbeteren met behulp van de bijdragen en constructieve kritiek van de lezers. Ik wil graag iedereen die dit boek leest en eraan bijdraagt bedanken. Ik ben God dankbaar dat Hij mij in staat stelt om dit boek te voltooien.<\/p>\n<p>[1] \u1e24uq\u016bq is het meervoud van \u1e25aqq.<\/p>\n<p>[2] Het woord betekent letterlijk, iets voor het goede, het juiste aanzien. Istihs\u0101n verwijst naar een \u2018verborgen\u2019 qiy\u0101s (qiy\u0101s khafi) wanneer deze de voorkeur krijgt over een \u2018duidelijke\u2019 qiy\u0101s (qiy\u0101s jali), of wanneer een bepaald deel ervan tot een algemene regel wordt gemaakt vanwege een indicatie elders in de shar\u012b\u2019ah. Volgens de verhandelingen van de u\u1e63\u016bl al-fiqh duidt istihs\u0101n technisch gezien op het afstand doen van een mening die voortkomt uit analogie (qiy\u0101s), ten gunste van een andere mening die ondersteund wordt door sterker bewijs.<\/p>\n<p>[3] Geleerde (op theologisch vlak), ev. shaykh.<\/p>\n<p>[4] PA, YEE, no. 14-1540, Devlet-i Aliyye\u2019deki Islah\u0101t-\u0131 Q\u0101nuniye (Legal Reforms in the Ottoman State), pp. 5ff., 26-27.<\/p>\n","protected":false},"excerpt":{"rendered":"<p id=\"product_reference\"><label>Reference:<\/label>\u00a0<span class=\"editable\">ISBN: 978-94-91898-12-9<\/span><\/p>\n<p id=\"product_condition\"><label>Condition:<\/label>\u00a0<span class=\"editable\">New product<\/span><\/p>\n<div id=\"short_description_block\">\n<div id=\"short_description_content\" class=\"rte align_justify\">\n<p>by Ahmed Akgunduz<\/p>\n<p>BOOKS<br \/>\nAvailable<br \/>\nPublication year: 2017<\/p>\n<p>ISBN:\u00a0978-94-91898-12-9<\/p>\n<p>Cover:\u00a0Hardcover<br \/>\nNumber of pages:\u00a0782 pp.<\/p>\n<\/div>\n<\/div>\n","protected":false},"featured_media":72,"template":"","meta":[],"product_brand":[],"product_cat":[17],"product_tag":[],"class_list":{"0":"post-90","1":"product","2":"type-product","3":"status-publish","4":"has-post-thumbnail","6":"product_cat-islamic-law","8":"first","9":"instock","10":"shipping-taxable","11":"purchasable","12":"product-type-simple"},"_links":{"self":[{"href":"https:\/\/iurpress.nl\/index.php?rest_route=\/wp\/v2\/product\/90","targetHints":{"allow":["GET"]}}],"collection":[{"href":"https:\/\/iurpress.nl\/index.php?rest_route=\/wp\/v2\/product"}],"about":[{"href":"https:\/\/iurpress.nl\/index.php?rest_route=\/wp\/v2\/types\/product"}],"wp:featuredmedia":[{"embeddable":true,"href":"https:\/\/iurpress.nl\/index.php?rest_route=\/wp\/v2\/media\/72"}],"wp:attachment":[{"href":"https:\/\/iurpress.nl\/index.php?rest_route=%2Fwp%2Fv2%2Fmedia&parent=90"}],"wp:term":[{"taxonomy":"product_brand","embeddable":true,"href":"https:\/\/iurpress.nl\/index.php?rest_route=%2Fwp%2Fv2%2Fproduct_brand&post=90"},{"taxonomy":"product_cat","embeddable":true,"href":"https:\/\/iurpress.nl\/index.php?rest_route=%2Fwp%2Fv2%2Fproduct_cat&post=90"},{"taxonomy":"product_tag","embeddable":true,"href":"https:\/\/iurpress.nl\/index.php?rest_route=%2Fwp%2Fv2%2Fproduct_tag&post=90"}],"curies":[{"name":"wp","href":"https:\/\/api.w.org\/{rel}","templated":true}]}}