{"id":6754,"date":"2020-05-14T08:48:36","date_gmt":"2020-05-14T08:48:36","guid":{"rendered":"http:\/\/iurpress.nl\/?post_type=product&#038;p=6754"},"modified":"2020-05-14T09:01:16","modified_gmt":"2020-05-14T09:01:16","slug":"de-wonderen-van-muhammed-saw","status":"publish","type":"product","link":"https:\/\/iurpress.nl\/?product=de-wonderen-van-muhammed-saw","title":{"rendered":"De wonderen van Muhammed (SAW)"},"content":{"rendered":"<p>\u2018De wonderen van Muhammed (SAW)\u2019, waarvan wij hier het genoegen hebben haar te presenteren en te introduceren in de Nederlandse taal, verduidelijkt meer dan driehonderd wonderen. Evenals zij het wonder verklaart, welke het profeetschap van Muhammed (saw) weergeeft, vormt zijzelf ook een kar\u0101mat van dit wonder. Deze verhandeling is in drie opzichten een uitzonderlijk resultaat.<\/p>\n<p>Ten eerste: deze verhandeling is op zich een wonderlijke gebeurtenis. Het is namelijk met inhoud van ahadith en met een omvang van meer dan honderd bladzijden in drie \u00e0 vier dagen, zonder daartoe hadith-boeken te raadplegen en geheel vanuit het hoofd, en via een dagelijkse arbeid van twee \u00e0 drie uur in de bergen en op alle mogelijke plaatsen geschreven en binnen een tijdsbestek van twaalf uur samengesteld.<\/p>\n<p>Ten tweede: deze verhandeling leidt ondanks haar lengte noch tot verveling tijdens het schrijven, noch verdwijnt het plezier tijdens het lezen. Deze heeft de luie schrijvers dermate gestimuleerd en gemotiveerd, dat zij zelfs in tijden van verdriet en verdrukking binnen een jaar ongeveer zeventig exemplaren hebben opgeschreven. Degenen die dit hebben ervaren, zijn ervan overtuigd dat dit een kar\u0101mat is van zijn profeetschap.<\/p>\n<p>Ten derde: negen verschillende onervaren schrijvers die geen enkele kennis hebben van de taw\u0101fuq, hebben zonder dat zij dat van elkaar wisten en voordat wij de taw\u0101fuq hierin konden waarnemen, in de gehele verhandeling de woorden &#8216;eerbiedwaardige boodschapper&#8217; en in het vijfde gedeelte ervan het woord &#8216;Qur&#8217;\u0101n&#8217; op een zodanige wijze in evenredigheid geschreven, dat eenieder, die ook maar over een vonkje heldere denkkracht beschikt, iedere suggestie van toeval totaal zal uitsluiten. Degenen die dit hebben opgemerkt, oordelen met grote beslistheid dat zich hierin een verborgen geheim ligt en dat dit een kar\u0101mat is van zijn (saw) wonderen.<\/p>\n<p>De principes die aan het begin van deze verhandeling zijn vermeld, zijn van bijzonder belang. Zelfs de ahadith in deze verhandeling, die door bijna alle imams van hadith wetenschappen zijn erkend en als sah\u012bh (betrouwbaar) zijn verklaard, verkondigen gebeurtenissen die betrekking hebben tot zijn (saw) profeetschap. Indien het noodzakelijk zou zijn om de voortreffelijke kenmerken van deze verhandeling te verduidelijken, dient men een boekwerk met dezelfde omvang ervan te schrijven. Om die reden raden wij, degenen die daartoe de wens bespeuren, aan om deze verhandeling op zijn minst eenmaal te lezen.<\/p>\n","protected":false},"excerpt":{"rendered":"<p>Reference: ISBN: 978-94-91898-13-6<\/p>\n<p>Condition: New product<\/p>\n<p>door Bed\u012buzzaman SA\u012aD NURS\u012a,<\/p>\n<p>Uit de serie van de Risale-i Nur,<\/p>\n<p>Rotterdam: IUR Press, 2018,<\/p>\n<p>Pagina\u2019s: 355 pp.<\/p>\n<p>ISBN: 978-94-91898-13-6<\/p>\n","protected":false},"featured_media":62,"template":"","meta":[],"product_brand":[],"product_cat":[22],"product_tag":[],"class_list":{"0":"post-6754","1":"product","2":"type-product","3":"status-publish","4":"has-post-thumbnail","6":"product_cat-risale-i-nur","8":"first","9":"instock","10":"shipping-taxable","11":"purchasable","12":"product-type-simple"},"_links":{"self":[{"href":"https:\/\/iurpress.nl\/index.php?rest_route=\/wp\/v2\/product\/6754","targetHints":{"allow":["GET"]}}],"collection":[{"href":"https:\/\/iurpress.nl\/index.php?rest_route=\/wp\/v2\/product"}],"about":[{"href":"https:\/\/iurpress.nl\/index.php?rest_route=\/wp\/v2\/types\/product"}],"wp:featuredmedia":[{"embeddable":true,"href":"https:\/\/iurpress.nl\/index.php?rest_route=\/wp\/v2\/media\/62"}],"wp:attachment":[{"href":"https:\/\/iurpress.nl\/index.php?rest_route=%2Fwp%2Fv2%2Fmedia&parent=6754"}],"wp:term":[{"taxonomy":"product_brand","embeddable":true,"href":"https:\/\/iurpress.nl\/index.php?rest_route=%2Fwp%2Fv2%2Fproduct_brand&post=6754"},{"taxonomy":"product_cat","embeddable":true,"href":"https:\/\/iurpress.nl\/index.php?rest_route=%2Fwp%2Fv2%2Fproduct_cat&post=6754"},{"taxonomy":"product_tag","embeddable":true,"href":"https:\/\/iurpress.nl\/index.php?rest_route=%2Fwp%2Fv2%2Fproduct_tag&post=6754"}],"curies":[{"name":"wp","href":"https:\/\/api.w.org\/{rel}","templated":true}]}}