{"id":36,"date":"2019-05-09T14:24:57","date_gmt":"2019-05-09T14:24:57","guid":{"rendered":"http:\/\/iurpress.nl\/?p=36"},"modified":"2023-03-03T07:31:02","modified_gmt":"2023-03-03T07:31:02","slug":"hoodie","status":"publish","type":"product","link":"https:\/\/iurpress.nl\/?product=hoodie","title":{"rendered":"Islamic Public Law"},"content":{"rendered":"<p><a href=\"https:\/\/play.google.com\/store\/books\/details\/Ahmed_Akgunduz_Islamic_Public_Law_Islamic_Law_in_T?id=fafIAgAAQBAJ&amp;hl=en&amp;gl=US\"><u>You can buy this book also in E-Book on google play books.<\/u><\/a><\/p>\n<p>&nbsp;<\/p>\n<p>There is no explicit separation in Isl\u00e2mic law between public and private law, but a special system has been used throughout history. Some scholars use the term Muslim personal law, which derived from the term al-a\u1e25w\u00e2l al-sha\u1e2b\u1e63iyyah in Fiqh books. But we prefer Isl\u00e2mic private law; because Muslim personal law indicates different legal meaning \u2013 rules governing natural and legal persons. In this book, we will elaborate on Isl\u00e2mic rules relating to seven branches of private law: personal law, family law, inheritance law, obligations and contracts\u2019 law, property law, commercial law, and international private law.<\/p>\n<p>We will explain or summarize Isl\u00e2mic rules in this book, rather than my (the author\u2019s) personal views. Unfortunately, there is a misunderstanding in Western countries: if any Muslim scholar writes an article or book or grants an interview to a journalist to explain Isl\u00e2mic rules on any issue, most Westerners, and especially people ignorant of Isl\u00e2mic Law attribute these views to this scholar and holds him or her accountable. For example, a Dutch journalist came to see me and asked about the issue of beating women in the Qur\u2019an, I explained the verse in the Qur\u2019an and some interpretions by the Prophet Muhammed and Muslim jurists. The journalist did not understand what I explained, and many people have accused me of advising Muslims to beat their women. This is absolutely false.<\/p>\n<p>This is why we have to explain the following points.<\/p>\n<p>The first point is this:all the regulations in Isl\u00e2mic law are divided into two groups with respect to to legal authority.<\/p>\n<p>First, rules that were based directly on the Qur\u2019an and the Sunnah and codified in books on Fiqh (Isl\u00e2mic Law) are called Shar\u00ee\u2018ah rules, Shar\u2018-i Shar\u00eef, or Shar\u00ee\u2018ah law; these rules constitute 85% of the legal system. The exclusive sources of these rules are the Qur\u2019an, the consensus of Muslim jurists, and true analogy (qiy\u00e2s). All explanations of these rules based completely on the Qur\u2019an and the Sunnah. If any Muslim scholar writes an article on \u2018beating women\u2019 or \u2018polygamy,\u2019 he is responsible only for his\/her interpretations. Could any scholar be responsible for the religious ideology that he\/she explains? Are his\/her explanations to be considered propaganda for that religion or ideology? Absolutly not.<\/p>\n<p>Western authorities, politicians and journalists should know that Muslims hold that every machine has a manual. If the manual is not followed when the machine is being used or operated, it will break. Allah sent the Qur\u2019an as the manual for human beings. If a society does not take the Qur\u2019an as its guide, it is destined to have the same fate as a machine that is operated without the manual. This is a basic creed for Muslims. A Muslim cannot disagree with a explicit verse of the Qur\u2019an.<\/p>\n<p>Second, financial law, land law, ta\u2018z\u00eer penalties, arrangements concerning military law and administrative law in particular were based on the restricted legislative authority vested by Shar\u00ee\u2018ah decrees and those jurisprudential decrees that were founded on secondary sources such as customs and traditions and the public good, which fell under public law, al-Siy\u00e2sah al-Shar\u2018iyyah (Shar\u00ee\u2018ah policies), Q\u00e2n\u00fbn (Legal Code), and the like. Since these could not exceed the limits of Shar\u00ee\u2018ah principles either, they should not be viewed as a legal system outside of Isl\u00e2mic Law.<\/p>\n<p>The second point is thatanother classification of the Isl\u00e2mic rules should be explained. Many Muslims and non-Muslims think that all injunctions in Isl\u00e2mic Law, such as polygamy and slavery, were established by the Qur\u2019an or the Sunnah directly, and Isl\u00e2mic Law has been criticized severely for this. The supposition here is false. A further point that causes confusion is the view that there was no slavery, male or female, before Isl\u00e2m and that Isl\u00e2m introduced it. There are, however, two kinds of injunctions in Isl\u00e2mic law.<\/p>\n<p>1) The first are injunctions that were laid down by Isl\u00e2m as principles for the first time since they did not exist in previous legal systems. Isl\u00e2m established these principles, such as zak\u00e2h, waqf (endowments) and inheritance shares. Muslim scholars state that these are completely beneficial for humankind as a whole. They also contain many instances of wisdom and purpose, even if people are not aware of them.<\/p>\n<p>2) The second are injunctions that Isl\u00e2m did not introduce; they already existed and Isl\u00e2m modified them. That is, Isl\u00e2m was not the first to set them down; rather, they were part of the law systems of other societies and were applied in a savage form. Since it would have been contrary to human nature to abolish injunctions of this kind suddenly and completely, Isl\u00e2mic Law modified them so that they were no longer barbaric but civilized. Slavery and polygamy are good examples of this.[2]<\/p>\n<p>My third point is thatI have explained theoretical rules of Isl\u00e2mic Law in this book, but have not neglected the practice aspect of Isl\u00e2mic private law. We have focused on the practice of the Ottoman State for Shar\u00ee\u2018ah especially because the Ottoman State practiced Isl\u00e2mic Law completely, and we have archival documents proving this claim. The study of Shar\u2018iyyah Records (Shari\u2018iyyah Sijilleri) proves that in the Ottoman State Shar\u00ee\u2018ah rules were taken as the basis for personal law, family law, inheritance law, jus obligationum, law of commodities, commercial law, and all the branches of private law with respect to international private law.<\/p>\n<p>The analysis of the two essential sources of information regarding Ottoman law, viz. legal codices and Shar\u2018iyyah Records, leads to the following irrefutable conclusion: the Ottoman legislative authorities only and solely codified administrative law, with the exception of various subjects of constitutional law, property law, laws regarding state land, military law, financial law, ta\u2018z\u00eer (punishment by way of reproof), crimes in criminal law and their penalties and decrees regarding some exceptional issues of private law. In issuing decrees on these it codified Shar\u00ee\u2018ah principles \u2013 if any \u2013 since matters transferred to the rulers\u2019 arrangements would be made in consideration of such secondary sources as the public good, customs, and traditions. Because it could never be alleged that a state\u2019s legal system consisted solely in the above-mentioned subjects, it could also not be claimed that the stated issues were arranged in disregard of Shar\u2018-i Shar\u00eef. The explanations below will clarify this matter.[3]<\/p>\n<p>The fourth point is that contemporary Isl\u00e2mic codes from different Muslim countries were not negleced. I have sometimes looked at the Morroccan Family Code (al-Mudawwana),[4] Egyptian laws that are the root of Muslim Middle Eastern countries\u2019 legal systems, Pakistan\u2019s law code which was based on the \u1e24anaf\u00ee Law School. We could say that in Lebanon, Syria, Iraq, Kuwait, Jordan, the effects of Ottoman legal codes, like Majallah and family law continue.<\/p>\n<p>The fifth point is as follows.This book is based principally in the \u1e24anaf\u00ee School and Ottoman practice. Nonetheless, comparisons with other schools have been made, especially with the M\u00e2lik\u00ee School, which is the official school in Morrocco, the United Arab Emirates, and some other countries, the Sh\u00e2fi\u2018\u00ee School, which is the official school in Indonesia and some other countries, the \u1e24anbal\u00ee School, the official school in Saudi Arabia, and some other countries, and finally the Ja\u2019far\u00ee School, which is the official school especially in Iran.<\/p>\n<p>For comparison between schools, this work has benefitted from some major works on Isl\u00e2mic law. These works include: M. Zarqa, Al-F\u0131qh al-\u0130sl\u00e2m\u00ee F\u00ee Thawbih al-Jad\u00eed, c. I-II, Dima\u015fk 1395\/1975; \u2018abd al-Rahman al-Jaziri, Al-Fiqh &#8216;ala al-ma\u1e0f\u00e2hib al-arba\u2018a, Cairo, 1969; Al-Shahid al Thani (Zayn al-Din Mu\u1e25ammad ibn &#8216;Ali al-Jab&#8217;i al-&#8216;Amili [d. 965\/1558]), Al-Rawdat al-bahiyya fi sharh al-lum\u2018at al-Dimashqiyya, Beirut, 1967; Abdullah ibn Ahmad ibn Qud\u00e2mah al-M\u2019aqdis\u00ee, Al-Muqni\u2018, Cairo, 2005; \u1e2aalil bin Is\u1e25aq, Al-Tawd\u00eeh Sharhu Mu\u1e2btasar ibn al-H\u00e2jib, Casablanca, 2012.<\/p>\n<p>Some comparative works have also been of benefit. These include: Imran Ahsan \u1e2aan Nyazee, Outlines of Muslim Personal Law, Advanced Legal Studies Institute, Isl\u00e2mabad, Pakistan, 2011; Chibli Malla, \u201cIdentity and Community Rights Isl\u00e2mic Family Law: Variations on State,\u201d in Isl\u00e2mic Family Law, edited by Chibli Mallat &amp; Jane Connors, Graham &amp; Trotman Limited, London 1993; Ahmad Nasir, The Status of Women under Isl\u00e2mic Law and Modern Isl\u00e2mic Legislation, Brill, Leiden and An Introduction to the Law of Obligations of Afghanistan, edited by Trevor Kempner, Andrew Lawrence, and Ryan Nelson, Stanford Law School, (PDF).<\/p>\n<p>We should not forget some official or semi-official legal codes in Muslim countries that are completely based on Shar\u00ee\u2018ah. For example, Mu\u1e25ammad Qadri Pasha\u2019a (1306\/1889), Murshid al-Hayr\u00e2n (Guide for the Perplexed), which consists of 1,045 articles; Al-\u2018Adl Wal Ins\u00e2f Fi Hall Mushkil\u00e2t al-Awq\u00e2f (Justice and Equity in Solving the Problems of Endowments), which consists of 343 articles; and Al-A\u1e25k\u00e2m al-Shar\u2018iyyah Fi al-A\u1e25w\u00e2l al-Sha\u1e2b\u1e63iyyah (Legal Rulings on Personal Status Law), which consists of 647 articles; Morroccan Family Law (Mudawwanah); The Egyptian Civil Code was written in 1949, whose primary author was Abdel-Razzak al-Sanhuri, who was assisted by Dean Edouard Lambert of the University of Lille; The Egyptian Civil Code has been the source of law and inspiration for numerous other Middle Eastern jurisdictions, including the pre-dictatorship kingdoms of Libya, Jordan, and Iraq (both drafted by Al-Sanhuri himself and a team of native jurists under his guidance), Bahrain, as well as Qatar (the last two merely inspired by his notions) and the commercial code of Kuwait (drafted by Al-Sanhuri); Pakistan Muslim Family Law Ordinance 1961.<\/p>\n<p>This book is divided into seven chapters:<\/p>\n<p>1) personal law,<\/p>\n<p>2) family law,<\/p>\n<p>3) inheritance law,<\/p>\n<p>4) obligations and contract Law,<\/p>\n<p>5) property law,<\/p>\n<p>6) commercial law,<\/p>\n<p>7) international private law.<\/p>\n<p>We repeat again that we have preferred to write what Muslim jurists (fuqah\u00e2) have argued is how the Qur\u2019an and the Sunnah should be interpreted. Our success will be measured by our ability to correctly reproduce what existed in Isl\u00e2mic sources. Every human enterprises falls short; we are ready to perfect our study with the help of contributions by readers and constructive criticism. I would like to thank all those who read this book and contribute constructively to it. I am thankful to God Who enabled me to complete this book.<\/p>\n<p>[1] Ibn al-Qayyim al-Jawziyya, I\u2018l\u00e2m al-Muwaqqi\u2018\u00een \u2018an Rabb al-\u2019\u00c2lam\u00een, vol. IV (Beirut: 1973), pp. 372-78; PA (Basbakanlik Osmanli Arsivi), Prime Ministerial Ottoman Archives, YEE, no. 14-1540, pp. 12f.; Ahmad Akgunduz and Halil Cin, Turk \u1e24uq\u00fbq Tari\u1e2bi, vol. I, Konya: Selcuk University 1989, pp. 140-57.<\/p>\n<p>[2] Ahmad Akgunduz, Isl\u00e2m \u1e24uq\u00fbqunda Kolelik ve Cariyelik Muessesesi ve Osmanli\u2019da Harem (Istanbul: OSAV, 2000), pp. 72-74; Bediuzzam\u00e2n Said Nursi, Muna\u1e93arat,Istanbul: Sozler Publications, 1990, pp. 74-75.<\/p>\n<p>[3] Nu\u2018man Effendi Dabbaghzadah, J\u00e2mi\u2018al-Sak, (Istanbul: 1214), pp. 288-91, 298-310, 312, 335; Ahmad Akg\u00fcnd\u00fcz, Shar\u2018iyyah Sijilleri, vol. I (Private Law), vol. II (Public Law) (Istanbul: Turk Dunyasi, 1989); Fethi Gedikli, XVI. ve XVII. As\u0131r Osmanl\u0131 \u015eer\u2018iyye Sicillerinde Mud\u00e2rebe Ortakl\u0131\u011f\u0131: Galata \u00d6rne\u011fi, PhD diss., Istanbul University, 1996.<\/p>\n<p>[4] The Mudawana, short for mudawwanah al-a\u1e25w\u00e2l al-s\u1e25a\u1e2b\u1e63iyyah, is the personal status code, also known as the family code, in Morroccan law. It concerns issues related to the family, including the regulation of marriage, polygamy, divorce, inheritance, and child custody. Originally based on the M\u00e2liki school of Sunni Isl\u00e2mic jurisprudence, it was codified after the country gained independence from France in 1956. Its most recent revision, passed by the Morroccan parliament in 2004, has been praised by human rights activists for its measures to address women\u2019s rights and gender equality from within an Isl\u00e2mic legal framework.<\/p>\n","protected":false},"excerpt":{"rendered":"<p><a href=\"https:\/\/play.google.com\/store\/books\/details\/Ahmed_Akgunduz_Islamic_Public_Law_Islamic_Law_in_T?id=fafIAgAAQBAJ&amp;hl=en&amp;gl=US\"><u>You can buy this book also in E-Book on google play books.<\/u><\/a><\/p>\n<p id=\"product_reference\"><label>Reference:<\/label>\u00a0<span class=\"editable\">ISBN 978-90-807264-3-6<\/span><\/p>\n<p id=\"product_condition\"><label>Condition:<\/label>\u00a0<span class=\"editable\">New product<\/span><\/p>\n<div id=\"short_description_block\">\n<div id=\"short_description_content\" class=\"rte align_justify\">\n<p>by Ahmed Akgunduz<\/p>\n<p>BOOKS<br \/>\nAvailable in Hardcopy and E-Book<br \/>\nPublication year: 2011<\/p>\n<p>ISBN 978-90-807264-3-6.<\/p>\n<p>Cover:\u00a0Hardcover<br \/>\nNumber of pages:\u00a0734 pp.<\/p>\n<\/div>\n<\/div>\n","protected":false},"featured_media":71,"template":"","meta":[],"product_brand":[],"product_cat":[17],"product_tag":[],"class_list":{"0":"post-36","1":"product","2":"type-product","3":"status-publish","4":"has-post-thumbnail","6":"product_cat-islamic-law","8":"first","9":"instock","10":"shipping-taxable","11":"purchasable","12":"product-type-simple"},"_links":{"self":[{"href":"https:\/\/iurpress.nl\/index.php?rest_route=\/wp\/v2\/product\/36","targetHints":{"allow":["GET"]}}],"collection":[{"href":"https:\/\/iurpress.nl\/index.php?rest_route=\/wp\/v2\/product"}],"about":[{"href":"https:\/\/iurpress.nl\/index.php?rest_route=\/wp\/v2\/types\/product"}],"wp:featuredmedia":[{"embeddable":true,"href":"https:\/\/iurpress.nl\/index.php?rest_route=\/wp\/v2\/media\/71"}],"wp:attachment":[{"href":"https:\/\/iurpress.nl\/index.php?rest_route=%2Fwp%2Fv2%2Fmedia&parent=36"}],"wp:term":[{"taxonomy":"product_brand","embeddable":true,"href":"https:\/\/iurpress.nl\/index.php?rest_route=%2Fwp%2Fv2%2Fproduct_brand&post=36"},{"taxonomy":"product_cat","embeddable":true,"href":"https:\/\/iurpress.nl\/index.php?rest_route=%2Fwp%2Fv2%2Fproduct_cat&post=36"},{"taxonomy":"product_tag","embeddable":true,"href":"https:\/\/iurpress.nl\/index.php?rest_route=%2Fwp%2Fv2%2Fproduct_tag&post=36"}],"curies":[{"name":"wp","href":"https:\/\/api.w.org\/{rel}","templated":true}]}}