{"id":120,"date":"2019-05-10T12:46:32","date_gmt":"2019-05-10T12:46:32","guid":{"rendered":"http:\/\/iurpress.nl\/?post_type=product&#038;p=120"},"modified":"2019-05-10T12:46:32","modified_gmt":"2019-05-10T12:46:32","slug":"the-dictionary-of-ottoman-historical-and-legal-terms","status":"publish","type":"product","link":"https:\/\/iurpress.nl\/?product=the-dictionary-of-ottoman-historical-and-legal-terms","title":{"rendered":"The Dictionary of Ottoman Historical and Legal Terms"},"content":{"rendered":"<p><span lang=\"en-us\" xml:lang=\"en-us\">In June 1989, while preparing the First Volume of the\u00a0<b>Ottoman Legal Codes (Osmanli Kanunnameleri)<\/b>\u00a0that was completed in 11 volumes, I observed that many concepts and terms are absent in the current historical and legal dictionaries. It was in this period that I set my intention to start a new project to address this issue, a completely new and comprehensive to constitute old Ottoman Historical and Legal Concepts and those expressions to cover voluminous Ottoman Kanunames (Legal Codes) was necessary. Two important memorabilia influenced the birth of this project:<\/span><\/p>\n<p><b><span lang=\"en-us\" xml:lang=\"en-us\">Firstly<\/span><\/b><span lang=\"en-us\" xml:lang=\"en-us\">\u00a0my memory of Prof. Dr. Halil \u0130nalc\u0131k who said: &#8220;Professor Akg\u00fcnd\u00fcz. Most Republican era historians often do not speak Arabic. They also usually do not focus on Islamic sciences as their own discipline, especially fiqh (Islamic Law). Yet these disciplines are the cornerstones for a sound interpretation of the Ottoman History. Thus it is essential to know Arabic, Persian and the Islamic Sciences. You are able to do this. This project would provide younger generation scientists a better start-line.<\/span><\/p>\n<p><b><span lang=\"en-us\" xml:lang=\"en-us\">Second:<\/span><\/b><span lang=\"en-us\" xml:lang=\"en-us\">\u00a0The late Yilmaz \u00d6ztuna had called me after reading my book called \u2018The Harem in the Ottoman State\u2019. He had humbly complimented to read all my books if he had known to have more time in left in life. He had urged me to work on a dictionary a \u2019Qamus\u2019.<\/span><\/p>\n<p><span lang=\"en-us\" xml:lang=\"en-us\">I have preferred to name my Qamus \u2018<b>The Dictionary of Ottoman Historical and Legal Terms\u2019<\/b>, because most dictionaries were either authored without taking Islamic Sciences into account or the Islamic Law. Both disciplines are accepted as the two interior circles that complement each other. There may obviously be inadequacies or mistakes. Especially there might be shortcomings on the origins of words. I also acknowledge the inevitability of misreading or misunderstandings. For this reason, please do remind me of the mistakes for future reference. Reader suggestions and revisions will aid me to develop and grow the dictionary even more.<\/span><\/p>\n<p><span lang=\"en-us\" xml:lang=\"en-us\">Islamic Sciences and Fiqh are necessary to understand and interpret Ottoman history and its legal terms. No Islamic law can be researched without the examination of the Ottoman practice. Research will unfortunately remain inadequate. The other way around, it would even be more disastrous to study Ottoman History without the sound knowledge of Arabic and Islamic Studies. Those who study this Qamus will agree with me on this point. Historians, for example, are often mistaken about Ottoman tax law.\u00a0\u00a0Eb\u00fcssuud Efendi for example, clearly states in his Fatawa treatises published in Ottoman Kannunamaleri \u2018Cift Resmi\u2019 is calculated. The same is the case in the Encyclopedia of Islam and the \u2018Sultan\u2019s Decrees\u2019 where mistakes are repeated and unfortunately referred to and wrongly misquoted in Western sources. Those who are curious can compare the same items with those of Qamus.<\/span><\/p>\n<p><strong>ARE THE EXISTING WORKS ON OTTOMAN HISTORY AND LEGAL CONCEPTS NOT SUFFICIENT?<\/strong><\/p>\n<p>To answer this question, we must state that:<\/p>\n<p><strong>A)<\/strong>\u00a0<strong>DICTIONARIES OF HISTORICAL LITERATURE are NOT FULLY SUFFICIENT.\u00a0<\/strong>The important works that can come to mind in this regard are, of course, the recent publication of Mithat Serto\u011flu&#8217;s Ottoman History Literature, Mehmet Zeki Pakal\u0131n&#8217;s giant collection of Ottoman History Idioms and Terms Dictionary.<\/p>\n<p>These are not enough in two respects: the first is in the sense of quantity. If you compare only the names under the heading \u2018resm\u2019, one will realize that the amount in my dictionary is twice as much. The same is true of most jargon concepts and expressions. The most important reason for this is that not all Ottoman laws have brought to surface. Second, it is in terms of quality and content. Because there is much confusion on concepts such as\u00a0<strong>\u00e7ift resmi, benn\u00e2k resmi<\/strong>\u00a0and the misinterpretations in some materials are continuing in most cases. An important reason is the representation of official historical understanding led by \u00d6mer L\u00fctf\u00fc Barkan, Fuat K\u00f6pr\u00fcl\u00fc and others. Moreover, if the scientific errors in the literature which have been recently copyrighted are taken into consideration, it is indeed necessary to re-examine all the Ottoman historical records. For example, in some dictionaries, the word\u00a0<em>abd\u00e2l<\/em>\u00a0is transmitted as the plural ebdel. However, in Arabic it is the plural of bed\u00eel.\u00a0<em>Bed\u00eel<\/em>\u00a0means good, beautiful and distinguished and it means Evliy\u00e2ullah cem\u00e2\u00e2&#8217;ti. In addition, it is a Turkmen tribe in Anatolia. Some words have been confused such as\u00a0\u0625\u0628\u062f\u0627\u0639\u00a0and\u00a0\u0625\u0628\u0636\u0627\u0639.<\/p>\n<p><strong>B) AVAILABLE OTTOMAN LEGAL DICTIOANRIES IS NOT SUFFICIENT IN THE SOCIETIES.<\/strong>\u00a0What comes into mind is the magnificent collection of Umar Nasuhi Bilmen&#8217;s eight volumes of Hukuk-\u0131 Islamiye and Ist\u0131l\u00e2h\u00e2t-i F\u0131khiyye Qamusu; the Islamic Law dictioanry of Elmalili Muhammad Yazir; the fiqh items in the Encyclopedia of Islam by D\u200e\u200eiyanet have included as a result of great research, and the old and new monumental Arabic books (Muhammad L\u00fcgat&#8217;il of Muhamed Keeper of Muhamed Keeper, by his work Kehshafuu Ist\u0131l\u00e2h\u00e2t&#8217;il-F\u00fcn\u00fbn of Teh\u00e2nev\u00ee his work called Fukah\u00e2.). The only missing thing is that some legal and historical terms seen in the Legal Codes are not included. As we have already mentioned before, the works relating to the Islamic Law, without examining the Ottoman practice, are not of sound judgment; but are inadequate.<\/p>\n<p>In my work called\u00a0<strong>The Dictionary of Ottoman Historical and Legal Terms<\/strong>, the sources have been summarized and one by one accounted for.<\/p>\n<p><strong>LANGUAGES AND LITERATURE REGARDING THE TECHNICAL TERMS<\/strong>: This is a matter I must confess that I still have problems with. Unfortunately, we are not sure what the origin of some of these words are. In this respect, I will be very happy to receive the revisions and explanations of historians and lawyers who will grant to us in the future.<\/p>\n<p><strong>LOCATION AND PERSONAL NAMES:\u00a0<\/strong>In this work I have not included personal names, I could not place the names of places and persons related the Ottoman History. Because there are not many resources at hand. This work does not include Sufi Islamic societies as long as it does not concern Ottoman History and Law. The same is true for Ottoman literature, logic science, Hadith sciences, Tafsir sciences, and similar sciences. However, this book has been taken from relevant sources related to the sciences such as Sarf, Nahiv, Bel\u00e2\u011fat, Logic, M\u00fcn\u00e2zara, Cedel, Hadith, Tafsir and so on which are included in the content of the Usul-\u0131 Fiqh.<\/p>\n<p><strong>CAN EVERYONE BENEFIT FROM THIS QAMUS<\/strong>? It is important to note that there are different classes that will benefit from this work:<\/p>\n<p>All Islamic lawyers, those who read fiqh books; lawyers; theologians, and madrasa students will find 90% of the Islamic vocabulary they seek.<\/p>\n<p>All historians will find in this work related subjects of the majority of Ottoman and even Islamic historians.<\/p>\n<p>These two groups, if they know Turkish, will search for them in alphabetical order. However, it would be sufficient for all the researchers, who do not speak Turkish, to have only Ottoman, Persian, and Arabic originals of Persian in their hands. Because we will put it at the end of the book, we will easily see at what pages the texts are quoted, aligned with the Arabic alphabet.<\/p>\n<p>This work will be useful for people who are interested in Islamic Law and Ottoman History at all levels, and especially for the transfer of knowledge to students.<\/p>\n","protected":false},"excerpt":{"rendered":"<p id=\"product_reference\"><label>Reference:<\/label>\u00a0<span class=\"editable\">ISBN: 9789757268178<\/span><\/p>\n<p id=\"product_condition\"><label>Condition:<\/label>\u00a0<span class=\"editable\">New product<\/span><\/p>\n<div id=\"short_description_block\">\n<div id=\"short_description_content\" class=\"rte align_justify\">\n<p>door Ahmet Akg\u00fcnd\u00fcz<\/p>\n<p>Istanbul: OSAV, 2018,<\/p>\n<p>Pagina&#8217;s: 1536 pp.<\/p>\n<p>ISBN:\u00a09789757268925<\/p>\n<\/div>\n<\/div>\n","protected":false},"featured_media":81,"template":"","meta":[],"product_brand":[],"product_cat":[20],"product_tag":[],"class_list":{"0":"post-120","1":"product","2":"type-product","3":"status-publish","4":"has-post-thumbnail","6":"product_cat-history","8":"first","9":"instock","10":"shipping-taxable","11":"purchasable","12":"product-type-simple"},"_links":{"self":[{"href":"https:\/\/iurpress.nl\/index.php?rest_route=\/wp\/v2\/product\/120","targetHints":{"allow":["GET"]}}],"collection":[{"href":"https:\/\/iurpress.nl\/index.php?rest_route=\/wp\/v2\/product"}],"about":[{"href":"https:\/\/iurpress.nl\/index.php?rest_route=\/wp\/v2\/types\/product"}],"wp:featuredmedia":[{"embeddable":true,"href":"https:\/\/iurpress.nl\/index.php?rest_route=\/wp\/v2\/media\/81"}],"wp:attachment":[{"href":"https:\/\/iurpress.nl\/index.php?rest_route=%2Fwp%2Fv2%2Fmedia&parent=120"}],"wp:term":[{"taxonomy":"product_brand","embeddable":true,"href":"https:\/\/iurpress.nl\/index.php?rest_route=%2Fwp%2Fv2%2Fproduct_brand&post=120"},{"taxonomy":"product_cat","embeddable":true,"href":"https:\/\/iurpress.nl\/index.php?rest_route=%2Fwp%2Fv2%2Fproduct_cat&post=120"},{"taxonomy":"product_tag","embeddable":true,"href":"https:\/\/iurpress.nl\/index.php?rest_route=%2Fwp%2Fv2%2Fproduct_tag&post=120"}],"curies":[{"name":"wp","href":"https:\/\/api.w.org\/{rel}","templated":true}]}}