{"id":114,"date":"2019-05-10T12:34:11","date_gmt":"2019-05-10T12:34:11","guid":{"rendered":"http:\/\/iurpress.nl\/?post_type=product&#038;p=114"},"modified":"2023-03-03T07:27:13","modified_gmt":"2023-03-03T07:27:13","slug":"studies-in-islamic-economics","status":"publish","type":"product","link":"https:\/\/iurpress.nl\/?product=studies-in-islamic-economics","title":{"rendered":"Studies in Islamic Economics"},"content":{"rendered":"<p>\u201cThis book contains two major subjects:<\/p>\n<p>Firstly; some academic papers about Islamic Banking. The main characteristic of Islamic banking in com\u00adparison to traditional banking is that it is more concerned with the profitability and length of the proposed investment rather than collateral. Projects with high profitability and low collateral that might otherwise be rejected can be funded through Islamic banking. This leads to a banking behavior that is similar to development banks and microfinance institutions that have been very successful in many Third World countries. Academic research shows that Islamic banking is not a negligible or merely temporary phenomenon. (Contributors: Dr. M. Umer Chapra, Dr. Ahmet Akg\u00fcnd\u00fcz, Arjen van Klink, Drs. Bastiaan A. Verhoef and Ismail \u00d6zsoy).<\/p>\n<p>Secondly; some research articles about religion and development. Islam summarizes the root cause of the great social upheavals that have been suffered, particularly in this century, in two phrases. One is: \u201cSo long as I\u2019m full, what is it to me if others die of hunger?\u201d And the other is: \u201cYou struggle and labor so that I can live in ease and comfort.\u201d Islam demonstrates that if hunger and poverty are to be eradicated, it will be through applying the Qur\u2019anic injunction of almsgiving, social assistance and mutual help (vujub-u zakat): Being steadfast in performing prayers, giving zakat and the prohibition against earning without working, e.g., usury and interest (hurmet-i Rib\u00e2: God has permitted trade and forbidden usury).\u201d (Contributors: Dr. Ahmet Akg\u00fcnd\u00fcz, Dr. Arif Ersoy, Dr. Ha\u015fmet Ba\u015far and Dr. Bunyamin Duran).<\/p>\n<p><a href=\"https:\/\/play.google.com\/store\/books\/details\/Ahmed_Akgunduz_Studies_in_Islamic_Economics?id=mIjHAgAAQBAJ&amp;hl=en&amp;gl=US\">You can buy this book also in E-Book on google play books.<\/a><\/p>\n<p>&nbsp;<\/p>\n","protected":false},"excerpt":{"rendered":"<p><a href=\"https:\/\/play.google.com\/store\/books\/details\/Ahmed_Akgunduz_Studies_in_Islamic_Economics?id=mIjHAgAAQBAJ&amp;hl=en&amp;gl=US\">You can buy this book also in E-Book on google play books.<\/a><\/p>\n<p id=\"product_reference\"><label>Reference:<\/label>\u00a0<span class=\"editable\">ISBN 978-90-807192-5-5<\/span><\/p>\n<p id=\"product_condition\"><label>Condition:<\/label>\u00a0<span class=\"editable\">New product<\/span><\/p>\n<div id=\"short_description_block\">\n<div id=\"short_description_content\" class=\"rte align_justify\">\n<p>Edited by Ahmed Akgunduz<\/p>\n<p>BOOKS<br \/>\nAvailable E-book<br \/>\nPublication year: 2009<\/p>\n<p>ISBN 978-90-807192-5-5.<\/p>\n<p>Cover: Paperback<br \/>\nNumber of pages: 148 pp.<\/p>\n<\/div>\n<\/div>\n","protected":false},"featured_media":79,"template":"","meta":[],"product_brand":[],"product_cat":[23],"product_tag":[],"class_list":{"0":"post-114","1":"product","2":"type-product","3":"status-publish","4":"has-post-thumbnail","6":"product_cat-general-books","8":"first","9":"instock","10":"shipping-taxable","11":"purchasable","12":"product-type-simple"},"_links":{"self":[{"href":"https:\/\/iurpress.nl\/index.php?rest_route=\/wp\/v2\/product\/114","targetHints":{"allow":["GET"]}}],"collection":[{"href":"https:\/\/iurpress.nl\/index.php?rest_route=\/wp\/v2\/product"}],"about":[{"href":"https:\/\/iurpress.nl\/index.php?rest_route=\/wp\/v2\/types\/product"}],"wp:featuredmedia":[{"embeddable":true,"href":"https:\/\/iurpress.nl\/index.php?rest_route=\/wp\/v2\/media\/79"}],"wp:attachment":[{"href":"https:\/\/iurpress.nl\/index.php?rest_route=%2Fwp%2Fv2%2Fmedia&parent=114"}],"wp:term":[{"taxonomy":"product_brand","embeddable":true,"href":"https:\/\/iurpress.nl\/index.php?rest_route=%2Fwp%2Fv2%2Fproduct_brand&post=114"},{"taxonomy":"product_cat","embeddable":true,"href":"https:\/\/iurpress.nl\/index.php?rest_route=%2Fwp%2Fv2%2Fproduct_cat&post=114"},{"taxonomy":"product_tag","embeddable":true,"href":"https:\/\/iurpress.nl\/index.php?rest_route=%2Fwp%2Fv2%2Fproduct_tag&post=114"}],"curies":[{"name":"wp","href":"https:\/\/api.w.org\/{rel}","templated":true}]}}