{"id":110,"date":"2019-05-10T12:28:44","date_gmt":"2019-05-10T12:28:44","guid":{"rendered":"http:\/\/iurpress.nl\/?post_type=product&#038;p=110"},"modified":"2019-05-10T12:39:45","modified_gmt":"2019-05-10T12:39:45","slug":"arabisch-voor-beginners-1","status":"publish","type":"product","link":"https:\/\/iurpress.nl\/?product=arabisch-voor-beginners-1","title":{"rendered":"Arabisch voor beginners 1"},"content":{"rendered":"<p>De Arabische taal wordt beschouwd als \u00e9\u00e9n van de belangrijkste talen in de wereld. Het is de moedertaal van ruim 350 miljoen mensen in de wereld. Tevens is het de offici\u00eble taal in het Midden-Oosten en Noord-Afrika. Het moderne Standaard Arabisch wordt gebruikt in alle formele zaken, zoals in boeken, kranten, offici\u00eble brieven, nieuwsberichten, educatieve programma\u2019s en politieke toespraken. Standaard Arabisch is ook het primaire communicatiemiddel van politieke leiders.<\/p>\n<p>Het modern Standaard Arabisch is \u00e9\u00e9n van de levende talen van deze tijd. Het is \u00e9\u00e9n van de talen die gebruikt wordt door de Verenigde Naties tijdens haar bijeenkomsten. De Arabische taal heeft ook een belangrijke rol gespeeld in het overbrengen van de Islamitische beschaving naar Europa in de beginperiode van de renaissance.<\/p>\n<p>Vele westerse universiteiten hebben van oudsher de studie Arabische talen en wetenschappen om de Arabische grammatica, morfologie en retoriek te kunnen bestuderen. Zo wordt er ook sinds tien jaar aan de Islamitische Universiteit van Rotterdam Standaard Arabisch onderwezen en is dit boek deel I van een reeks publicaties.<\/p>\n","protected":false},"excerpt":{"rendered":"<p id=\"product_reference\"><label>Reference:<\/label>\u00a0<span class=\"editable\">ISBN 9789081726474<\/span><\/p>\n<p id=\"product_condition\"><label>Condition:<\/label>\u00a0<span class=\"editable\">New product<\/span><\/p>\n<div id=\"short_description_block\">\n<div id=\"short_description_content\" class=\"rte align_justify\">\n<p>De Arabische taal wordt beschouwd als \u00e9\u00e9n van de belangrijkste talen in de wereld. Het is de moedertaal van ruim 350 miljoen mensen in de wereld. Tevens is het de offici\u00eble taal in het Midden-Oosten en Noord-Afrika. Het moderne Standaard Arabisch wordt gebruikt in alle formele zaken, zoals in boeken, kranten, offici\u00eble brieven, nieuwsberichten, educatieve programma\u2019s en politieke toespraken.<\/p>\n<\/div>\n<\/div>\n","protected":false},"featured_media":49,"template":"","meta":[],"product_brand":[],"product_cat":[23],"product_tag":[],"class_list":{"0":"post-110","1":"product","2":"type-product","3":"status-publish","4":"has-post-thumbnail","6":"product_cat-general-books","8":"first","9":"instock","10":"shipping-taxable","11":"purchasable","12":"product-type-simple"},"_links":{"self":[{"href":"https:\/\/iurpress.nl\/index.php?rest_route=\/wp\/v2\/product\/110","targetHints":{"allow":["GET"]}}],"collection":[{"href":"https:\/\/iurpress.nl\/index.php?rest_route=\/wp\/v2\/product"}],"about":[{"href":"https:\/\/iurpress.nl\/index.php?rest_route=\/wp\/v2\/types\/product"}],"wp:featuredmedia":[{"embeddable":true,"href":"https:\/\/iurpress.nl\/index.php?rest_route=\/wp\/v2\/media\/49"}],"wp:attachment":[{"href":"https:\/\/iurpress.nl\/index.php?rest_route=%2Fwp%2Fv2%2Fmedia&parent=110"}],"wp:term":[{"taxonomy":"product_brand","embeddable":true,"href":"https:\/\/iurpress.nl\/index.php?rest_route=%2Fwp%2Fv2%2Fproduct_brand&post=110"},{"taxonomy":"product_cat","embeddable":true,"href":"https:\/\/iurpress.nl\/index.php?rest_route=%2Fwp%2Fv2%2Fproduct_cat&post=110"},{"taxonomy":"product_tag","embeddable":true,"href":"https:\/\/iurpress.nl\/index.php?rest_route=%2Fwp%2Fv2%2Fproduct_tag&post=110"}],"curies":[{"name":"wp","href":"https:\/\/api.w.org\/{rel}","templated":true}]}}