{"id":106,"date":"2019-05-10T12:21:54","date_gmt":"2019-05-10T12:21:54","guid":{"rendered":"http:\/\/iurpress.nl\/?post_type=product&#038;p=106"},"modified":"2023-03-03T07:27:54","modified_gmt":"2023-03-03T07:27:54","slug":"ottoman-harem-the-male-and-female-slavery-in-islamic-law","status":"publish","type":"product","link":"https:\/\/iurpress.nl\/?product=ottoman-harem-the-male-and-female-slavery-in-islamic-law","title":{"rendered":"Ottoman Harem &#8211; The Male and Female Slavery in Islamic Law"},"content":{"rendered":"<p>Thirty years ago, we have published\u00a0<em>The Ottoman Harem\u00a0<\/em>in Turkish and I have given a copy to \u015e\u00fckran Vahide (Mary Weld) to evaluate and to translate to English. She has translator the Ris\u00e2le-i Nur Collection completely and is a native in English. When she had completed the translation, she told me &#8220;<em>Dr. Akgunduz! I have enjoyed translating this book and I think that this book is very important in historical and religious sense<\/em>.&#8221;<\/p>\n<p>I have spent five years preparing this work\u00a0<em>Male and Female Slavery in Islam and the Ottoman \u1e2aarem<\/em>. The product of those five years\u2019 work has now been published in English. The subjects discussed in this book are as follows:<\/p>\n<p><strong>Part One;<\/strong>\u00a0the distortions and misrepresentations of male and female slavery and the \u1e2aarem, together with some examples.<\/p>\n<p><strong>Part Two;\u00a0<\/strong>male and female slavery in non-Muslim societies and in other religions.<\/p>\n<p><strong>Part Three;<\/strong>\u00a0the institutions of male and female slavery in Islamic law.<\/p>\n<p><strong>Part Four;<\/strong>\u00a0aspects of the practice of slavery, male and female, in the Ottoman state.<\/p>\n<p><strong>Part Five<\/strong>; an investigation of the question: what is the \u1e2aarem?<\/p>\n<p><strong>Part Six;<\/strong>\u00a0a lady governess\u2019s memoirs of the \u1e2aarem.<\/p>\n<p><strong>Part Seven;\u00a0<\/strong>the replies to a number of important questions on these subjects.<\/p>\n<p>&nbsp;<\/p>\n<p>My request of readers is that they read the sections they are interested in, and particularly that they study Parts One, Five, and Seven. I realize that Part Two is a slight digression, but I am of the opinion that the comparison is necessary in order to illuminate slavery in Islam and in the Ottoman state.<\/p>\n<p>&#8220;Ahmed Cevdet\u00a0<em>Pasha<\/em>\u00a0says: &#8220;<em>To own slaves in Islam is to be a slave<\/em>.&#8221; What should be realized here is that Islam did not introduce slavery. So how was slavery practised in other societies and religions? How did other religions and peoples act towards slaves? Since &#8220;<em>Everything is known through it opposites<\/em>,&#8221; it is essential to know this in order to understand male and female slavery in Islamic law and the \u1e2aarem in Ottoman society.<\/p>\n<p>The women in the Sultan\u2019s \u1e2aarem lived under very strict discipline. They lived an enclosed life in their apartments, just as they paid great attention to these matters when they were out on trips or travelling. Since it was thus, does it conform to historical fact to show them to be immodest and overly free and easy, as in the films made recently? Does this reflect history as it was lived or is it make-belief? This should be pondered over fairly and reasonably.&#8221;<\/p>\n<p><strong>\u015e\u00fckran Vahide (Mary Weld)<\/strong>: was born in 1948 in England&#8217;s Lancashire. She has graduated in 1980 from Durham University Faculty of Oriental Studies of the Turkish and Persian literature. After reading the English translation of the\u00a0<em>Risale-i Nur Collection<\/em>, in 1981, she became a Muslim. Thanksgiving residing in Turkey in case of Vahidi, She has engaged in research in the Risale-i Nur. Many treatises, mainly\u00a0<em>English Words<\/em>\u00a0translated. She has married with a famous student of Bediuzzaman Mehmed Firinci.<\/p>\n<p><a href=\"https:\/\/play.google.com\/store\/books\/details\/Ahmed_Akgunduz_Ottoman_Harem?id=HyCkEAAAQBAJ&amp;hl=en&amp;gl=US\"><u>You can buy this book also in E-Book on google play books.<\/u><\/a><\/p>\n","protected":false},"excerpt":{"rendered":"<p><a href=\"https:\/\/play.google.com\/store\/books\/details\/Ahmed_Akgunduz_Ottoman_Harem?id=HyCkEAAAQBAJ&amp;hl=en&amp;gl=US\"><u>You can buy this book also in E-Book on google play books.<\/u><\/a><\/p>\n<p id=\"product_reference\"><label>Reference:<\/label>\u00a0<span class=\"editable\">ISBN 978-94-91898-06-8<\/span><\/p>\n<p id=\"product_condition\"><label>Condition:<\/label>\u00a0<span class=\"editable\">New product<\/span><\/p>\n<p>Hardcopy or E-book<\/p>\n<div id=\"short_description_block\">\n<div id=\"short_description_content\" class=\"rte align_justify\">\n<p>Ottoman Harem &#8211; The Male and Female Slavery in Islamic Law<\/p>\n<\/div>\n<\/div>\n","protected":false},"featured_media":75,"template":"","meta":[],"product_brand":[],"product_cat":[20],"product_tag":[],"class_list":{"0":"post-106","1":"product","2":"type-product","3":"status-publish","4":"has-post-thumbnail","6":"product_cat-history","8":"first","9":"instock","10":"shipping-taxable","11":"purchasable","12":"product-type-simple"},"_links":{"self":[{"href":"https:\/\/iurpress.nl\/index.php?rest_route=\/wp\/v2\/product\/106","targetHints":{"allow":["GET"]}}],"collection":[{"href":"https:\/\/iurpress.nl\/index.php?rest_route=\/wp\/v2\/product"}],"about":[{"href":"https:\/\/iurpress.nl\/index.php?rest_route=\/wp\/v2\/types\/product"}],"wp:featuredmedia":[{"embeddable":true,"href":"https:\/\/iurpress.nl\/index.php?rest_route=\/wp\/v2\/media\/75"}],"wp:attachment":[{"href":"https:\/\/iurpress.nl\/index.php?rest_route=%2Fwp%2Fv2%2Fmedia&parent=106"}],"wp:term":[{"taxonomy":"product_brand","embeddable":true,"href":"https:\/\/iurpress.nl\/index.php?rest_route=%2Fwp%2Fv2%2Fproduct_brand&post=106"},{"taxonomy":"product_cat","embeddable":true,"href":"https:\/\/iurpress.nl\/index.php?rest_route=%2Fwp%2Fv2%2Fproduct_cat&post=106"},{"taxonomy":"product_tag","embeddable":true,"href":"https:\/\/iurpress.nl\/index.php?rest_route=%2Fwp%2Fv2%2Fproduct_tag&post=106"}],"curies":[{"name":"wp","href":"https:\/\/api.w.org\/{rel}","templated":true}]}}