{"id":104,"date":"2019-05-10T12:19:28","date_gmt":"2019-05-10T12:19:28","guid":{"rendered":"http:\/\/iurpress.nl\/?post_type=product&#038;p=104"},"modified":"2023-03-03T07:28:30","modified_gmt":"2023-03-03T07:28:30","slug":"ottoman-history-misperceptions-and-truths","status":"publish","type":"product","link":"https:\/\/iurpress.nl\/?product=ottoman-history-misperceptions-and-truths","title":{"rendered":"Ottoman History &#8211; Misperceptions and Truths"},"content":{"rendered":"<p>his book was first published in Turkish under the title Bilinmeyen Osmanl\u0131, co-authored by Prof. Dr. Said \u00d6zt\u00fcrk, and 250,000 copies were printed. I answered 290 questions whereas \u00d6zt\u00fcrk answered 13 in total. He collaborated regarding source details and references as well as tirelessly proofreading and editing the book. In addition, this book was later translated into Arabic; the first edition was published by Osmanl\u0131 Ara\u015ftirmalari Vakfi (OSAV), Istanbul, and the second will be published by D\u0101r al-Shouroq in Cairo.<br \/>\nThe English version of this book has almost become a separate work from the aforementioned versions. Although the main part was translated into English by Ismail Ercan, the book needed a number of improvements and rewriting of some articles after referring to Western sources on the various subjects. Hence, I changed the title as well as the format of the book mainly for this reason. But I have indicated which articles were written by Prof. \u00d6zt\u00fcrk.<br \/>\nAs preparation for this book, the questions it deals with have been discussed in academic research ever since 1983, and, in addition, hundreds of conferences have been held throughout Anatolia. As a result, over 5000 questions have accumulated in our \u201cquestion desk,\u201d submitted in written form by both readers and listeners. For example, the issue of \u1e25arem comes first, with 503 questions. The issue of whether the Ottoman Sul\u1e6d\u0101ns, particularly Bayezid the Thunderbolt, drank alcohol ranked second, with 276 questions. These were followed by such questions as fratricide rights and freedoms in the Ottoman state, the issue of the Sul\u1e6d\u0101ns going on pilgrimage, if Sul\u1e6d\u0101n Wa\u1e25\u012bduddin was a traitor, etc. Needless to say, we have been inspired by similar research done in this field.<br \/>\nThis book will consist of four parts. In Part One we will deal with weighty questions on the political history of the Ottoman state and the replies to them. However, such questions are most frequently asked about each Sul\u1e6d\u0101n \u2013 even if they are related to law or economics. For instance, we will not ignore the issue of fratricide in his law when discussing Me\u1e25med the Conqueror and the charges of the genocide of the Kurds when it comes to Selim the Excellent. In Part Two we will deal with the questions on social life in the Ottoman state and the \u1e25arem. In Part Three we will look at those issues regarding the Ottoman legislative system and the organization of the state. In Part Four we will answer some questions about the economy and financial law of the Ottoman state. Unfortunately, we will not deal with all the questions we have received in all the aforesaid fields owing to insufficient space. Yet it is our view that if something cannot be achieved completely, we should not give up entirely and resign ourselves to what has been done.<br \/>\nThere are 307 differents subjects in this book; some of them as below:<br \/>\n&#8211; War (jih\u0101d) in the Ottoman state and the legal principles of the policy of conquest in the Ottoman state<br \/>\n&#8211; The Dev\u015firme (Conscription) System<br \/>\n&#8211; The allegations that the Ottoman state adhered to the Bekta\u015fi and Aleviyye traditions during the years of its foundation until Sul\u1e6d\u0101n Selim the Excellent and that the Abdalan-\u0131 Rum consisted of Bekta\u015fi Babas and Alevi Dedes.<br \/>\n&#8211; On rumors that some Ottoman Sul\u1e6d\u0101ns were addicted to alcohol and even held illegitimate carousals at the Palace.<br \/>\n&#8211; The legality of fratricide in the Ottoman state and some claims by some historians regarding savagery and massacre for the sake of claiming the Sultanat.<br \/>\n&#8211; There are claims that Sul\u1e6d\u0101n Me\u1e25med the Conqueror was sympathetic toward Christianity and corresponded with the Pope.<br \/>\n&#8211; On the Ottoman State offering assistance to the Andalusian state that was destroyed in 1492.<br \/>\n&#8211; Ottoman Harem.<br \/>\n&#8211; Ottoman legal codes.<br \/>\n&#8211; Ottoman legal system and Islamic law.<br \/>\n&#8211; Which events sowed the seeds of hatred between Arabs and Turks, both of whom are Muslims?<br \/>\n&#8211; The reasons for the decline and fall of the Ottoman State.<br \/>\n&#8211; The capitulations as one reason for terminating the Ottoman State.<\/p>\n<p><a href=\"https:\/\/play.google.com\/store\/books\/details\/Ahmed_Akgunduz_Ottoman_History_Misperceptions_and?id=WKfIAgAAQBAJ&amp;hl=en&amp;gl=US\"><u>You can buy this book also in E-Book on google play books.<\/u><\/a><\/p>\n","protected":false},"excerpt":{"rendered":"<p><a href=\"https:\/\/play.google.com\/store\/books\/details\/Ahmed_Akgunduz_Ottoman_History_Misperceptions_and?id=WKfIAgAAQBAJ&amp;hl=en&amp;gl=US\"><u>You can buy this book also in E-Book on google play books.<\/u><\/a><\/p>\n<p id=\"product_reference\"><label>Reference:<\/label>\u00a0<span class=\"editable\">ISBN 978-9090261-08-9<\/span><\/p>\n<p id=\"product_condition\"><label>Condition:<\/label>\u00a0<span class=\"editable\">New product<\/span><\/p>\n<div id=\"short_description_block\">\n<div id=\"short_description_content\" class=\"rte align_justify\">\n<p>by Ahmed Akgunduz and<\/p>\n<p>Said Ozturk<\/p>\n<p>BOOKS<br \/>\nAvailable<br \/>\nPublication year: 2011<\/p>\n<p>ISBN 978-9090261-08-9.<\/p>\n<p>Cover: Hardback<br \/>\nNumber of pages: 694 pp.<\/p>\n<\/div>\n<\/div>\n","protected":false},"featured_media":76,"template":"","meta":[],"product_brand":[],"product_cat":[20],"product_tag":[],"class_list":{"0":"post-104","1":"product","2":"type-product","3":"status-publish","4":"has-post-thumbnail","6":"product_cat-history","8":"first","9":"instock","10":"shipping-taxable","11":"purchasable","12":"product-type-simple"},"_links":{"self":[{"href":"https:\/\/iurpress.nl\/index.php?rest_route=\/wp\/v2\/product\/104","targetHints":{"allow":["GET"]}}],"collection":[{"href":"https:\/\/iurpress.nl\/index.php?rest_route=\/wp\/v2\/product"}],"about":[{"href":"https:\/\/iurpress.nl\/index.php?rest_route=\/wp\/v2\/types\/product"}],"wp:featuredmedia":[{"embeddable":true,"href":"https:\/\/iurpress.nl\/index.php?rest_route=\/wp\/v2\/media\/76"}],"wp:attachment":[{"href":"https:\/\/iurpress.nl\/index.php?rest_route=%2Fwp%2Fv2%2Fmedia&parent=104"}],"wp:term":[{"taxonomy":"product_brand","embeddable":true,"href":"https:\/\/iurpress.nl\/index.php?rest_route=%2Fwp%2Fv2%2Fproduct_brand&post=104"},{"taxonomy":"product_cat","embeddable":true,"href":"https:\/\/iurpress.nl\/index.php?rest_route=%2Fwp%2Fv2%2Fproduct_cat&post=104"},{"taxonomy":"product_tag","embeddable":true,"href":"https:\/\/iurpress.nl\/index.php?rest_route=%2Fwp%2Fv2%2Fproduct_tag&post=104"}],"curies":[{"name":"wp","href":"https:\/\/api.w.org\/{rel}","templated":true}]}}